{"id":18,"date":"2011-11-20T10:37:15","date_gmt":"2011-11-20T09:37:15","guid":{"rendered":"http:\/\/dev.qualilogy.com\/es\/?page_id=18"},"modified":"2013-01-03T10:46:30","modified_gmt":"2013-01-03T09:46:30","slug":"qualilogy","status":"publish","type":"page","link":"http:\/\/qualilogy.com\/es\/qualilogy\/","title":{"rendered":"Qualilogy"},"content":{"rendered":"<p><a href=\"http:\/\/qualilogy.com\/wp-content\/uploads\/2011\/11\/JPF11.jpg\"><img loading=\"lazy\" decoding=\"async\" class=\"alignright size-full wp-image-252\" title=\"Jean-Pierre FAYOLLE\" alt=\"\" src=\"http:\/\/qualilogy.com\/wp-content\/uploads\/2011\/11\/JPF11.jpg\" width=\"159\" height=\"222\" \/><\/a>De logos (\u03bb\u03cc\u03b3\u03bf\u03c2) discurso, y Quality, Qualilogy deber\u00eda ser la ciencia o el discurso de la calidad, el conjunto de los m\u00e9todos, los conocimientos, las problem\u00e1ticas, los principios y los paradigmas de la calidad.<\/p>\n<p>Estuve sorprendido con descubrir que el t\u00e9rmino pr\u00e1cticamente no existe. A penas encontrar\u00e1s en Internet algunas p\u00e1ginas o documentos que lo utilizan, y en dominios muy diferentes. La expresi\u00f3n &#8216;qualitology&#8217; se encuentra m\u00e1s f\u00e1cilmente, pero con significados diferentes desde la gesti\u00f3n de la calidad \u00e1 la investigaci\u00f3n cualitativa en marketing o la medida de la seguridad de las medicinas \u00e1 base de plantas. Evidentemente, &#8216;Qualitics&#8217; y &#8216;Qualimetry&#8217; son mucho m\u00e1s difundidos.<\/p>\n<p>La calidad de software y la calidad en el ciclo de desarrollo de aplicaciones es mi trabajo pero tambi\u00e9n una \u00e1rea de reflexiones curiosamente parad\u00f3jicas: \u00bf c\u00f3mo pretender medir cuantitativamente el cualitativo? \u00bf Cu\u00e1les buenas pr\u00e1cticas organizativas para difundir y favorecer el uso de las buenas pr\u00e1cticas en materia de desarrollo? \u00bf Cu\u00e1l software utilizar para medir la calidad de los softwares que producimos?<\/p>\n<p>&#8216;Nuestra&#8217; Qualilogy, este blog, trata de la calidad software pero no se prohibe algunas excursiones en el dominio de la calidad en general y de las herramientas o los procesos qui\u00e9nes participan en el ciclo de desarrollo de aplicaciones. Y no se prohibir\u00e1 tampoco un poco de sentido com\u00fan iconoclaste.<\/p>\n<p>Qu\u00e9 sus comentarios sean los bienvenidos.<\/p>\n<p>&nbsp;<\/p>\n<p>Encontrar\u00e1 este blog en tres diferentes versiones que corresponder\u00e1n \u00e1 tres diferentes lenguajes, de los cuales un \u00fanico me es natural. Qu\u00e9 se me perdone de antemano las faltas en estos otros lenguajes.<\/p>\n<p>Todas las im\u00e1genes presentes en este blog est\u00e1n disponibles en el <a title=\"journal of Vicken\" href=\"http:\/\/vicken.deviantart.com\/\" target=\"_blank\">Diario de Vicken Krissian<\/a>.<\/p>\n<p>&nbsp;<\/p>\n","protected":false},"excerpt":{"rendered":"<p>De logos (\u03bb\u03cc\u03b3\u03bf\u03c2) discurso, y Quality, Qualilogy deber\u00eda ser la ciencia o el discurso de la calidad, el conjunto de los m\u00e9todos, los conocimientos, las problem\u00e1ticas, los principios y los paradigmas de la calidad. Estuve sorprendido con descubrir que el t\u00e9rmino pr\u00e1cticamente no existe. A penas encontrar\u00e1s en Internet algunas p\u00e1ginas o documentos que lo [&hellip;]<\/p>\n","protected":false},"author":3,"featured_media":0,"parent":0,"menu_order":0,"comment_status":"open","ping_status":"open","template":"","meta":{"footnotes":""},"class_list":["post-18","page","type-page","status-publish","hentry"],"_links":{"self":[{"href":"http:\/\/qualilogy.com\/es\/wp-json\/wp\/v2\/pages\/18"}],"collection":[{"href":"http:\/\/qualilogy.com\/es\/wp-json\/wp\/v2\/pages"}],"about":[{"href":"http:\/\/qualilogy.com\/es\/wp-json\/wp\/v2\/types\/page"}],"author":[{"embeddable":true,"href":"http:\/\/qualilogy.com\/es\/wp-json\/wp\/v2\/users\/3"}],"replies":[{"embeddable":true,"href":"http:\/\/qualilogy.com\/es\/wp-json\/wp\/v2\/comments?post=18"}],"version-history":[{"count":4,"href":"http:\/\/qualilogy.com\/es\/wp-json\/wp\/v2\/pages\/18\/revisions"}],"predecessor-version":[{"id":23,"href":"http:\/\/qualilogy.com\/es\/wp-json\/wp\/v2\/pages\/18\/revisions\/23"}],"wp:attachment":[{"href":"http:\/\/qualilogy.com\/es\/wp-json\/wp\/v2\/media?parent=18"}],"curies":[{"name":"wp","href":"https:\/\/api.w.org\/{rel}","templated":true}]}}