{"id":60,"date":"2011-11-20T10:41:41","date_gmt":"2011-11-20T09:41:41","guid":{"rendered":"http:\/\/dev.qualilogy.com\/fr\/?page_id=60"},"modified":"2013-01-03T10:42:35","modified_gmt":"2013-01-03T09:42:35","slug":"qualilogy","status":"publish","type":"page","link":"http:\/\/qualilogy.com\/fr\/qualilogy\/","title":{"rendered":"Qualilogy"},"content":{"rendered":"<p><a href=\"http:\/\/qualilogy.com\/wp-content\/uploads\/2011\/11\/JPF11.jpg\"><img loading=\"lazy\" decoding=\"async\" class=\"alignright size-full wp-image-252\" title=\"Jean-Pierre FAYOLLE\" alt=\"\" src=\"http:\/\/qualilogy.com\/wp-content\/uploads\/2011\/11\/JPF11.jpg\" width=\"145\" height=\"202\" \/><\/a>De logos (\u03bb\u03cc\u03b3\u03bf\u03c2) discours, et qualit\u00e9, la qualilogie devrait \u00eatre la science ou le discours de la qualit\u00e9, l\u2019ensemble des m\u00e9thodes, connaissances, probl\u00e9matiques, principes et paradigmes de la qualit\u00e9.<\/p>\n<p>Curieusement, le terme n\u2019existe pratiquement pas. On sera bien en peine de trouver sur Internet quelques pages ou documents qui l\u2019utilisent, et dans des domaines bien diff\u00e9rents. L\u2019expression \u2018qualitologie\u2019 se rencontre plus facilement, mais l\u00e0 encore, avec des significations diverses qui vont du management de la qualit\u00e9 \u00e1 la recherche qualitative en marketing ou la mesure de la s\u00e9curit\u00e9 des m\u00e9dicaments \u00e1 base de plantes. Evidemment, qualitique et qualim\u00e9trie sont beaucoup plus r\u00e9pandus.<\/p>\n<p>La qualit\u00e9, en mati\u00e8re de software et de d\u00e9veloppement d\u2019applications, n\u2019est pas seulement mon m\u00e9tier, c\u2019est aussi une aire de r\u00e9flexions curieusement paradoxales : comment pr\u00e9tendre mesurer \u2013 quantitativement \u2013 le qualitatif ? Quelles bonnes pratiques organisationnelles mettre en \u0153uvre pour diffuser et favoriser l\u2019usage des bonnes pratiques en mati\u00e8re de d\u00e9veloppement ? Quel software utiliser pour mesure la qualit\u00e9 des softwares que nous produisons ?<\/p>\n<p>\u2018Notre\u2019 Qualilogy, ce blog, traite de la qualit\u00e9 logicielle mais ne s\u2019interdit pas quelques excursions dans le domaine de la qualit\u00e9 en g\u00e9n\u00e9ral et de tous les outils ou processus qui participent au cycle de d\u00e9veloppement. Et ne s\u2019interdira pas non plus le bon sens iconoclaste.<\/p>\n<p>Vos commentaires sont les bienvenus.<\/p>\n<p>&nbsp;<\/p>\n<p>Les images pr\u00e9sentes sur ce blog sont disponibles sur le <a title=\"journal of Vicken\" href=\"http:\/\/vicken.deviantart.com\/\" target=\"_blank\">Journal de Vicken Krissian<\/a>.<\/p>\n","protected":false},"excerpt":{"rendered":"<p>De logos (\u03bb\u03cc\u03b3\u03bf\u03c2) discours, et qualit\u00e9, la qualilogie devrait \u00eatre la science ou le discours de la qualit\u00e9, l\u2019ensemble des m\u00e9thodes, connaissances, probl\u00e9matiques, principes et paradigmes de la qualit\u00e9. Curieusement, le terme n\u2019existe pratiquement pas. On sera bien en peine de trouver sur Internet quelques pages ou documents qui l\u2019utilisent, et dans des domaines bien [&hellip;]<\/p>\n","protected":false},"author":3,"featured_media":0,"parent":0,"menu_order":0,"comment_status":"open","ping_status":"open","template":"","meta":{"footnotes":""},"class_list":["post-60","page","type-page","status-publish","hentry"],"_links":{"self":[{"href":"http:\/\/qualilogy.com\/fr\/wp-json\/wp\/v2\/pages\/60"}],"collection":[{"href":"http:\/\/qualilogy.com\/fr\/wp-json\/wp\/v2\/pages"}],"about":[{"href":"http:\/\/qualilogy.com\/fr\/wp-json\/wp\/v2\/types\/page"}],"author":[{"embeddable":true,"href":"http:\/\/qualilogy.com\/fr\/wp-json\/wp\/v2\/users\/3"}],"replies":[{"embeddable":true,"href":"http:\/\/qualilogy.com\/fr\/wp-json\/wp\/v2\/comments?post=60"}],"version-history":[{"count":1,"href":"http:\/\/qualilogy.com\/fr\/wp-json\/wp\/v2\/pages\/60\/revisions"}],"predecessor-version":[{"id":61,"href":"http:\/\/qualilogy.com\/fr\/wp-json\/wp\/v2\/pages\/60\/revisions\/61"}],"wp:attachment":[{"href":"http:\/\/qualilogy.com\/fr\/wp-json\/wp\/v2\/media?parent=60"}],"curies":[{"name":"wp","href":"https:\/\/api.w.org\/{rel}","templated":true}]}}